{"id":1292,"date":"2023-10-26T06:58:35","date_gmt":"2023-10-26T06:58:35","guid":{"rendered":"https:\/\/fresquedescybercitoyens.fr\/comment-faire-une-fresque\/"},"modified":"2023-10-26T06:58:35","modified_gmt":"2023-10-26T06:58:35","slug":"comment-faire-une-fresque","status":"publish","type":"page","link":"https:\/\/fresquedescybercitoyens.fr\/de\/comment-faire-une-fresque\/","title":{"rendered":"Comment faire une fresque ?"},"content":{"rendered":"<h2 class=\"h4\"><strong>Comment se d\u00e9roule une Fresque\u00a0?<\/strong><\/h2>\n<p>La Fresque constitue une initiative innovante et ludique visant \u00e0 sensibiliser les coll\u00e9giens aux enjeux cruciaux de la cybers\u00e9curit\u00e9 et du comportement responsable en ligne. L&#8217;objectif du jeu est d&#8217;apprendre les bonnes pratiques pour :<\/p>\n<ul>\n<li>Se prot\u00e9ger sur internet contre les cyberattaques,<\/li>\n<li>Prot\u00e9ger son identit\u00e9 et sa e-r\u00e9putation,<\/li>\n<li>Lutter contre le cyberharc\u00e8lement et le harc\u00e8lement scolaire,<\/li>\n<li>Apprendre \u00e0 v\u00e9rifier l&#8217;information pour identifier les fakes news,<\/li>\n<li>R\u00e9agir en cas de cybermalveillance.<\/li>\n<\/ul>\n<p>Con\u00e7u pour \u00eatre r\u00e9alis\u00e9e en classe, ce jeu p\u00e9dagogique implique la participation active de chaque \u00e9l\u00e8ve, favorisant ainsi une compr\u00e9hension approfondie des th\u00e8mes abord\u00e9s. Le jeu se d\u00e9roule en groupes de 12 \u00e9l\u00e8ves au maximum, avec un animateur d\u00e9di\u00e9 par groupe, assurant un encadrement personnalis\u00e9.<\/p>\n<h2 class=\"h4\"><strong>Vous souhaitez r\u00e9aliser une Fresque dans votre \u00e9tablissement scolaire ?<\/strong><\/h2>\n<p>Si vous \u00eates situ\u00e9 dans l&#8217;acad\u00e9mie de Paris, rapprochez-vous de votre r\u00e9f\u00e9rent PIX pour savoir s&#8217;il a \u00e9t\u00e9 form\u00e9 et peut organiser une session de sensibilisation.<\/p>\n<p>Dans tous les cas, vous avez la possibilit\u00e9 de :<\/p>\n<ul style=\"font-weight: 400;\">\n<li>Nous contacter via le formulaire pour savoir si des animateurs form\u00e9s sont disponibles pr\u00e8s de votre coll\u00e8ge.<\/li>\n<li>Consulter votre acad\u00e9mie pour explorer un partenariat en vue d&#8217;int\u00e9grer les jeux dans les coll\u00e8ges de votre r\u00e9gion.<\/li>\n<\/ul>\n<p>Actuellement, le jeu n&#8217;est pas disponible \u00e0 l&#8217;achat individuel. Nous formons exclusivement des animateurs dans le cadre de partenariats. Toutefois, le jeu est fourni aux \u00e9tablissements scolaires des acad\u00e9mies partenaires.<\/p>\n","protected":false},"excerpt":{"rendered":"<p>Comment se d\u00e9roule une Fresque\u00a0? La Fresque constitue une initiative innovante et ludique visant \u00e0 sensibiliser les coll\u00e9giens aux enjeux cruciaux de la cybers\u00e9curit\u00e9 et du comportement responsable en ligne. L&#8217;objectif du jeu est d&#8217;apprendre les bonnes pratiques pour : Se prot\u00e9ger sur internet contre les cyberattaques, Prot\u00e9ger son identit\u00e9 et sa e-r\u00e9putation, Lutter contre [&hellip;]<\/p>\n","protected":false},"author":1,"featured_media":0,"parent":0,"menu_order":0,"comment_status":"closed","ping_status":"closed","template":"","meta":{"_acf_changed":false,"footnotes":""},"class_list":["post-1292","page","type-page","status-publish","hentry"],"acf":[],"yoast_head":"<!-- This site is optimized with the Yoast SEO plugin v27.3 - https:\/\/yoast.com\/product\/yoast-seo-wordpress\/ -->\n<title>Comment faire une fresque ? - Fresque des Cybercitoyens<\/title>\n<meta name=\"robots\" content=\"index, follow, max-snippet:-1, max-image-preview:large, max-video-preview:-1\" \/>\n<link rel=\"canonical\" href=\"https:\/\/fresquedescybercitoyens.fr\/de\/comment-faire-une-fresque\/\" \/>\n<meta property=\"og:locale\" content=\"de_DE\" \/>\n<meta property=\"og:type\" content=\"article\" \/>\n<meta property=\"og:title\" content=\"Comment faire une fresque ? - Fresque des Cybercitoyens\" \/>\n<meta property=\"og:description\" content=\"Comment se d\u00e9roule une Fresque\u00a0? La Fresque constitue une initiative innovante et ludique visant \u00e0 sensibiliser les coll\u00e9giens aux enjeux cruciaux de la cybers\u00e9curit\u00e9 et du comportement responsable en ligne. L&#8217;objectif du jeu est d&#8217;apprendre les bonnes pratiques pour : Se prot\u00e9ger sur internet contre les cyberattaques, Prot\u00e9ger son identit\u00e9 et sa e-r\u00e9putation, Lutter contre [&hellip;]\" \/>\n<meta property=\"og:url\" content=\"https:\/\/fresquedescybercitoyens.fr\/de\/comment-faire-une-fresque\/\" \/>\n<meta property=\"og:site_name\" content=\"Fresque des Cybercitoyens\" \/>\n<meta name=\"twitter:card\" content=\"summary_large_image\" \/>\n<meta name=\"twitter:label1\" content=\"Est. reading time\" \/>\n\t<meta name=\"twitter:data1\" content=\"1 minute\" \/>\n<script type=\"application\/ld+json\" class=\"yoast-schema-graph\">{\"@context\":\"https:\\\/\\\/schema.org\",\"@graph\":[{\"@type\":\"WebPage\",\"@id\":\"https:\\\/\\\/fresquedescybercitoyens.fr\\\/de\\\/comment-faire-une-fresque\\\/\",\"url\":\"https:\\\/\\\/fresquedescybercitoyens.fr\\\/de\\\/comment-faire-une-fresque\\\/\",\"name\":\"Comment faire une fresque ? - Fresque des Cybercitoyens\",\"isPartOf\":{\"@id\":\"https:\\\/\\\/fresquedescybercitoyens.fr\\\/de\\\/#website\"},\"datePublished\":\"2023-10-26T06:58:35+00:00\",\"breadcrumb\":{\"@id\":\"https:\\\/\\\/fresquedescybercitoyens.fr\\\/de\\\/comment-faire-une-fresque\\\/#breadcrumb\"},\"inLanguage\":\"de-DE\",\"potentialAction\":[{\"@type\":\"ReadAction\",\"target\":[\"https:\\\/\\\/fresquedescybercitoyens.fr\\\/de\\\/comment-faire-une-fresque\\\/\"]}]},{\"@type\":\"BreadcrumbList\",\"@id\":\"https:\\\/\\\/fresquedescybercitoyens.fr\\\/de\\\/comment-faire-une-fresque\\\/#breadcrumb\",\"itemListElement\":[{\"@type\":\"ListItem\",\"position\":1,\"name\":\"Accueil\",\"item\":\"https:\\\/\\\/fresquedescybercitoyens.fr\\\/de\\\/\"},{\"@type\":\"ListItem\",\"position\":2,\"name\":\"Comment faire une fresque ?\"}]},{\"@type\":\"WebSite\",\"@id\":\"https:\\\/\\\/fresquedescybercitoyens.fr\\\/de\\\/#website\",\"url\":\"https:\\\/\\\/fresquedescybercitoyens.fr\\\/de\\\/\",\"name\":\"Fresque des Cybercitoyen.nes\",\"description\":\"\",\"potentialAction\":[{\"@type\":\"SearchAction\",\"target\":{\"@type\":\"EntryPoint\",\"urlTemplate\":\"https:\\\/\\\/fresquedescybercitoyens.fr\\\/de\\\/?s={search_term_string}\"},\"query-input\":{\"@type\":\"PropertyValueSpecification\",\"valueRequired\":true,\"valueName\":\"search_term_string\"}}],\"inLanguage\":\"de-DE\"}]}<\/script>\n<!-- \/ Yoast SEO plugin. -->","yoast_head_json":{"title":"Comment faire une fresque ? - Fresque des Cybercitoyens","robots":{"index":"index","follow":"follow","max-snippet":"max-snippet:-1","max-image-preview":"max-image-preview:large","max-video-preview":"max-video-preview:-1"},"canonical":"https:\/\/fresquedescybercitoyens.fr\/de\/comment-faire-une-fresque\/","og_locale":"de_DE","og_type":"article","og_title":"Comment faire une fresque ? - Fresque des Cybercitoyens","og_description":"Comment se d\u00e9roule une Fresque\u00a0? La Fresque constitue une initiative innovante et ludique visant \u00e0 sensibiliser les coll\u00e9giens aux enjeux cruciaux de la cybers\u00e9curit\u00e9 et du comportement responsable en ligne. L&#8217;objectif du jeu est d&#8217;apprendre les bonnes pratiques pour : Se prot\u00e9ger sur internet contre les cyberattaques, Prot\u00e9ger son identit\u00e9 et sa e-r\u00e9putation, Lutter contre [&hellip;]","og_url":"https:\/\/fresquedescybercitoyens.fr\/de\/comment-faire-une-fresque\/","og_site_name":"Fresque des Cybercitoyens","twitter_card":"summary_large_image","twitter_misc":{"Est. reading time":"1 minute"},"schema":{"@context":"https:\/\/schema.org","@graph":[{"@type":"WebPage","@id":"https:\/\/fresquedescybercitoyens.fr\/de\/comment-faire-une-fresque\/","url":"https:\/\/fresquedescybercitoyens.fr\/de\/comment-faire-une-fresque\/","name":"Comment faire une fresque ? - Fresque des Cybercitoyens","isPartOf":{"@id":"https:\/\/fresquedescybercitoyens.fr\/de\/#website"},"datePublished":"2023-10-26T06:58:35+00:00","breadcrumb":{"@id":"https:\/\/fresquedescybercitoyens.fr\/de\/comment-faire-une-fresque\/#breadcrumb"},"inLanguage":"de-DE","potentialAction":[{"@type":"ReadAction","target":["https:\/\/fresquedescybercitoyens.fr\/de\/comment-faire-une-fresque\/"]}]},{"@type":"BreadcrumbList","@id":"https:\/\/fresquedescybercitoyens.fr\/de\/comment-faire-une-fresque\/#breadcrumb","itemListElement":[{"@type":"ListItem","position":1,"name":"Accueil","item":"https:\/\/fresquedescybercitoyens.fr\/de\/"},{"@type":"ListItem","position":2,"name":"Comment faire une fresque ?"}]},{"@type":"WebSite","@id":"https:\/\/fresquedescybercitoyens.fr\/de\/#website","url":"https:\/\/fresquedescybercitoyens.fr\/de\/","name":"Fresque des Cybercitoyen.nes","description":"","potentialAction":[{"@type":"SearchAction","target":{"@type":"EntryPoint","urlTemplate":"https:\/\/fresquedescybercitoyens.fr\/de\/?s={search_term_string}"},"query-input":{"@type":"PropertyValueSpecification","valueRequired":true,"valueName":"search_term_string"}}],"inLanguage":"de-DE"}]}},"_links":{"self":[{"href":"https:\/\/fresquedescybercitoyens.fr\/de\/wp-json\/wp\/v2\/pages\/1292","targetHints":{"allow":["GET"]}}],"collection":[{"href":"https:\/\/fresquedescybercitoyens.fr\/de\/wp-json\/wp\/v2\/pages"}],"about":[{"href":"https:\/\/fresquedescybercitoyens.fr\/de\/wp-json\/wp\/v2\/types\/page"}],"author":[{"embeddable":true,"href":"https:\/\/fresquedescybercitoyens.fr\/de\/wp-json\/wp\/v2\/users\/1"}],"replies":[{"embeddable":true,"href":"https:\/\/fresquedescybercitoyens.fr\/de\/wp-json\/wp\/v2\/comments?post=1292"}],"version-history":[{"count":0,"href":"https:\/\/fresquedescybercitoyens.fr\/de\/wp-json\/wp\/v2\/pages\/1292\/revisions"}],"wp:attachment":[{"href":"https:\/\/fresquedescybercitoyens.fr\/de\/wp-json\/wp\/v2\/media?parent=1292"}],"curies":[{"name":"wp","href":"https:\/\/api.w.org\/{rel}","templated":true}]}}