{"id":1294,"date":"2023-10-26T06:58:50","date_gmt":"2023-10-26T06:58:50","guid":{"rendered":"https:\/\/fresquedescybercitoyens.fr\/nous-contacter\/"},"modified":"2026-04-10T13:18:34","modified_gmt":"2026-04-10T13:18:34","slug":"nous-contacter","status":"publish","type":"page","link":"https:\/\/fresquedescybercitoyens.fr\/de\/nous-contacter\/","title":{"rendered":"Contacter l&#8217;\u00e9quipe de la fresque"},"content":{"rendered":"","protected":false},"excerpt":{"rendered":"","protected":false},"author":1,"featured_media":0,"parent":0,"menu_order":0,"comment_status":"closed","ping_status":"closed","template":"","meta":{"_acf_changed":false,"footnotes":""},"class_list":["post-1294","page","type-page","status-publish","hentry"],"acf":[],"yoast_head":"<!-- This site is optimized with the Yoast SEO plugin v27.3 - https:\/\/yoast.com\/product\/yoast-seo-wordpress\/ -->\n<title>Contacter l&#039;\u00e9quipe de la fresque - Fresque des Cybercitoyens<\/title>\n<meta name=\"description\" content=\"Besoin d&#039;aide ou de conseils pour pr\u00e9parer une Fresque ou devenir partenaire de l&#039;initiative ? Contactez-nous! Notre \u00e9quipe est pr\u00eate \u00e0 r\u00e9pondre \u00e0 toutes vos questions\" \/>\n<meta name=\"robots\" content=\"index, follow, max-snippet:-1, max-image-preview:large, max-video-preview:-1\" \/>\n<link rel=\"canonical\" href=\"https:\/\/fresquedescybercitoyens.fr\/de\/nous-contacter\/\" \/>\n<meta property=\"og:locale\" content=\"de_DE\" \/>\n<meta property=\"og:type\" content=\"article\" \/>\n<meta property=\"og:title\" content=\"Contacter l&#039;\u00e9quipe de la fresque - Fresque des Cybercitoyens\" \/>\n<meta property=\"og:description\" content=\"Besoin d&#039;aide ou de conseils pour pr\u00e9parer une Fresque ou devenir partenaire de l&#039;initiative ? Contactez-nous! Notre \u00e9quipe est pr\u00eate \u00e0 r\u00e9pondre \u00e0 toutes vos questions\" \/>\n<meta property=\"og:url\" content=\"https:\/\/fresquedescybercitoyens.fr\/de\/nous-contacter\/\" \/>\n<meta property=\"og:site_name\" content=\"Fresque des Cybercitoyens\" \/>\n<meta property=\"article:modified_time\" content=\"2026-04-10T13:18:34+00:00\" \/>\n<meta name=\"twitter:card\" content=\"summary_large_image\" \/>\n<script type=\"application\/ld+json\" class=\"yoast-schema-graph\">{\"@context\":\"https:\\\/\\\/schema.org\",\"@graph\":[{\"@type\":\"WebPage\",\"@id\":\"https:\\\/\\\/fresquedescybercitoyens.fr\\\/de\\\/nous-contacter\\\/\",\"url\":\"https:\\\/\\\/fresquedescybercitoyens.fr\\\/de\\\/nous-contacter\\\/\",\"name\":\"Contacter l'\u00e9quipe de la fresque - Fresque des Cybercitoyens\",\"isPartOf\":{\"@id\":\"https:\\\/\\\/fresquedescybercitoyens.fr\\\/de\\\/#website\"},\"datePublished\":\"2023-10-26T06:58:50+00:00\",\"dateModified\":\"2026-04-10T13:18:34+00:00\",\"description\":\"Besoin d'aide ou de conseils pour pr\u00e9parer une Fresque ou devenir partenaire de l'initiative ? Contactez-nous! Notre \u00e9quipe est pr\u00eate \u00e0 r\u00e9pondre \u00e0 toutes vos questions\",\"breadcrumb\":{\"@id\":\"https:\\\/\\\/fresquedescybercitoyens.fr\\\/de\\\/nous-contacter\\\/#breadcrumb\"},\"inLanguage\":\"de-DE\",\"potentialAction\":[{\"@type\":\"ReadAction\",\"target\":[\"https:\\\/\\\/fresquedescybercitoyens.fr\\\/de\\\/nous-contacter\\\/\"]}]},{\"@type\":\"BreadcrumbList\",\"@id\":\"https:\\\/\\\/fresquedescybercitoyens.fr\\\/de\\\/nous-contacter\\\/#breadcrumb\",\"itemListElement\":[{\"@type\":\"ListItem\",\"position\":1,\"name\":\"Accueil\",\"item\":\"https:\\\/\\\/fresquedescybercitoyens.fr\\\/de\\\/\"},{\"@type\":\"ListItem\",\"position\":2,\"name\":\"Contacter l&#8217;\u00e9quipe de la fresque\"}]},{\"@type\":\"WebSite\",\"@id\":\"https:\\\/\\\/fresquedescybercitoyens.fr\\\/de\\\/#website\",\"url\":\"https:\\\/\\\/fresquedescybercitoyens.fr\\\/de\\\/\",\"name\":\"Fresque des Cybercitoyen.nes\",\"description\":\"\",\"potentialAction\":[{\"@type\":\"SearchAction\",\"target\":{\"@type\":\"EntryPoint\",\"urlTemplate\":\"https:\\\/\\\/fresquedescybercitoyens.fr\\\/de\\\/?s={search_term_string}\"},\"query-input\":{\"@type\":\"PropertyValueSpecification\",\"valueRequired\":true,\"valueName\":\"search_term_string\"}}],\"inLanguage\":\"de-DE\"}]}<\/script>\n<!-- \/ Yoast SEO plugin. -->","yoast_head_json":{"title":"Contacter l'\u00e9quipe de la fresque - Fresque des Cybercitoyens","description":"Besoin d'aide ou de conseils pour pr\u00e9parer une Fresque ou devenir partenaire de l'initiative ? Contactez-nous! Notre \u00e9quipe est pr\u00eate \u00e0 r\u00e9pondre \u00e0 toutes vos questions","robots":{"index":"index","follow":"follow","max-snippet":"max-snippet:-1","max-image-preview":"max-image-preview:large","max-video-preview":"max-video-preview:-1"},"canonical":"https:\/\/fresquedescybercitoyens.fr\/de\/nous-contacter\/","og_locale":"de_DE","og_type":"article","og_title":"Contacter l'\u00e9quipe de la fresque - Fresque des Cybercitoyens","og_description":"Besoin d'aide ou de conseils pour pr\u00e9parer une Fresque ou devenir partenaire de l'initiative ? Contactez-nous! Notre \u00e9quipe est pr\u00eate \u00e0 r\u00e9pondre \u00e0 toutes vos questions","og_url":"https:\/\/fresquedescybercitoyens.fr\/de\/nous-contacter\/","og_site_name":"Fresque des Cybercitoyens","article_modified_time":"2026-04-10T13:18:34+00:00","twitter_card":"summary_large_image","schema":{"@context":"https:\/\/schema.org","@graph":[{"@type":"WebPage","@id":"https:\/\/fresquedescybercitoyens.fr\/de\/nous-contacter\/","url":"https:\/\/fresquedescybercitoyens.fr\/de\/nous-contacter\/","name":"Contacter l'\u00e9quipe de la fresque - Fresque des Cybercitoyens","isPartOf":{"@id":"https:\/\/fresquedescybercitoyens.fr\/de\/#website"},"datePublished":"2023-10-26T06:58:50+00:00","dateModified":"2026-04-10T13:18:34+00:00","description":"Besoin d'aide ou de conseils pour pr\u00e9parer une Fresque ou devenir partenaire de l'initiative ? Contactez-nous! Notre \u00e9quipe est pr\u00eate \u00e0 r\u00e9pondre \u00e0 toutes vos questions","breadcrumb":{"@id":"https:\/\/fresquedescybercitoyens.fr\/de\/nous-contacter\/#breadcrumb"},"inLanguage":"de-DE","potentialAction":[{"@type":"ReadAction","target":["https:\/\/fresquedescybercitoyens.fr\/de\/nous-contacter\/"]}]},{"@type":"BreadcrumbList","@id":"https:\/\/fresquedescybercitoyens.fr\/de\/nous-contacter\/#breadcrumb","itemListElement":[{"@type":"ListItem","position":1,"name":"Accueil","item":"https:\/\/fresquedescybercitoyens.fr\/de\/"},{"@type":"ListItem","position":2,"name":"Contacter l&#8217;\u00e9quipe de la fresque"}]},{"@type":"WebSite","@id":"https:\/\/fresquedescybercitoyens.fr\/de\/#website","url":"https:\/\/fresquedescybercitoyens.fr\/de\/","name":"Fresque des Cybercitoyen.nes","description":"","potentialAction":[{"@type":"SearchAction","target":{"@type":"EntryPoint","urlTemplate":"https:\/\/fresquedescybercitoyens.fr\/de\/?s={search_term_string}"},"query-input":{"@type":"PropertyValueSpecification","valueRequired":true,"valueName":"search_term_string"}}],"inLanguage":"de-DE"}]}},"_links":{"self":[{"href":"https:\/\/fresquedescybercitoyens.fr\/de\/wp-json\/wp\/v2\/pages\/1294","targetHints":{"allow":["GET"]}}],"collection":[{"href":"https:\/\/fresquedescybercitoyens.fr\/de\/wp-json\/wp\/v2\/pages"}],"about":[{"href":"https:\/\/fresquedescybercitoyens.fr\/de\/wp-json\/wp\/v2\/types\/page"}],"author":[{"embeddable":true,"href":"https:\/\/fresquedescybercitoyens.fr\/de\/wp-json\/wp\/v2\/users\/1"}],"replies":[{"embeddable":true,"href":"https:\/\/fresquedescybercitoyens.fr\/de\/wp-json\/wp\/v2\/comments?post=1294"}],"version-history":[{"count":1,"href":"https:\/\/fresquedescybercitoyens.fr\/de\/wp-json\/wp\/v2\/pages\/1294\/revisions"}],"predecessor-version":[{"id":1421,"href":"https:\/\/fresquedescybercitoyens.fr\/de\/wp-json\/wp\/v2\/pages\/1294\/revisions\/1421"}],"wp:attachment":[{"href":"https:\/\/fresquedescybercitoyens.fr\/de\/wp-json\/wp\/v2\/media?parent=1294"}],"curies":[{"name":"wp","href":"https:\/\/api.w.org\/{rel}","templated":true}]}}