{"id":1298,"date":"2023-10-26T07:04:03","date_gmt":"2023-10-26T07:04:03","guid":{"rendered":"https:\/\/fresquedescybercitoyens.fr\/ressources\/"},"modified":"2026-03-06T13:47:11","modified_gmt":"2026-03-06T13:47:11","slug":"ressources","status":"publish","type":"page","link":"https:\/\/fresquedescybercitoyens.fr\/de\/ressources\/","title":{"rendered":"Ressources"},"content":{"rendered":"\n<p style=\"font-size:15px;font-style:normal;font-weight:400\">Ici, retrouvez tous les documents n\u00e9cessaires \u00e0 la bonne compr\u00e9hension de la Fresque des Cybercitoyens, ainsi que les ressources utiles pour r\u00e9ussir sa formation \u00e0 l&#8217;animation de l&#8217;atelier.<\/p>\n\n\n\n<h2 class=\"wp-block-heading\" style=\"font-size:28px;font-style:normal;font-weight:700\">\ud83d\udc7e Pour se former<\/h2>\n\n\n\n<div class=\"wp-block-buttons is-content-justification-center is-layout-flex wp-container-core-buttons-is-layout-16018d1d wp-block-buttons-is-layout-flex\">\n<div class=\"wp-block-button\"><a class=\"wp-block-button__link has-background has-custom-font-size wp-element-button\" href=\"https:\/\/partage02.magistere.apps.education.fr\/course\/view.php?id=945\" style=\"background-color:#ff7528;font-size:14px\" target=\"_blank\" rel=\"noreferrer noopener\">Formation enseignants (module Magist\u00e8re)<\/a><\/div>\n\n\n\n<div class=\"wp-block-button\"><a class=\"wp-block-button__link has-background has-custom-font-size wp-element-button\" href=\"https:\/\/fresquedescybercitoyens.fr\/module-formation\/\" style=\"background-color:#ff7528;font-size:14px\" target=\"_blank\" rel=\"noreferrer noopener\">Formation hors enseignants (module site Fresque)<\/a><\/div>\n<\/div>\n\n\n\n<p><\/p>\n\n\n\n<div class=\"wp-block-buttons is-content-justification-center is-layout-flex wp-container-core-buttons-is-layout-28206b41 wp-block-buttons-is-layout-flex\">\n<div class=\"wp-block-button\"><a class=\"wp-block-button__link has-background has-custom-font-size wp-element-button\" href=\"https:\/\/fresquedescybercitoyens.fr\/app\/uploads\/2025\/10\/Fresque-Cyberctoyens_Referentiel-Matrice-correspondance-PIX-et-Conseil-Europe_Sept2025.xlsx\" style=\"background-color:#ff7528;font-size:14px\" target=\"_blank\" rel=\"noreferrer noopener\">R\u00e9f\u00e9rentiel &#8211; Matrice de correspondance PIX et Conseil de l&#8217;Europe &#8211; 09.2025<\/a><\/div>\n<\/div>\n\n\n\n<p><\/p>\n\n\n\n<div class=\"wp-block-buttons is-content-justification-center is-layout-flex wp-container-core-buttons-is-layout-28206b41 wp-block-buttons-is-layout-flex\">\n<div class=\"wp-block-button\"><a class=\"wp-block-button__link has-background has-custom-font-size wp-element-button\" href=\"https:\/\/fresquedescybercitoyens.fr\/lexique-de-la-cybersecurite\/\" style=\"background-color:#ff7528;font-size:14px\" target=\"_blank\" rel=\"noreferrer noopener\">Lexique de la Cybers\u00e9curit\u00e9<\/a><\/div>\n<\/div>\n\n\n\n<p><\/p>\n\n\n\n<p style=\"font-size:15px\">Depuis la cr\u00e9ation du jeu en 2023, nous avons imprim\u00e9 et d\u00e9ploy\u00e9 3 versions du jeu. Dans un objectif d&#8217;am\u00e9lioration continue (en grande partie gr\u00e2ce au formulaire \u00e0 remplir \u00e0 la fin de chaque session), nous mettons r\u00e9guli\u00e8rement le jeu ainsi que les ressources autour de l&#8217;atelier \u00e0 jour. <\/p>\n\n\n\n<p><\/p>\n\n\n\n<h2 class=\"wp-block-heading\" style=\"font-size:28px;font-style:normal;font-weight:700\">\ud83d\udc7e Pour animer l&#8217;atelier<\/h2>\n\n\n\n<p style=\"font-size:18px\"><strong>Pour chaque version, retrouvez ci-dessous les guides et explications des cartes :<\/strong><\/p>\n\n\n<div class=\"wp-block-image\">\n<figure class=\"aligncenter size-large\"><img loading=\"lazy\" decoding=\"async\" width=\"1024\" height=\"341\" src=\"https:\/\/fresquedescybercitoyens.fr\/app\/uploads\/2026\/03\/Visuel-comparatif-V1-V2-V3-Fresque-1-1024x341.png\" alt=\"Visuel comparatif des 3 versions de la Fresque des Cybercitoyens (signes distinctifs pour se rep\u00e9rer facilement)\" class=\"wp-image-1583\" srcset=\"https:\/\/fresquedescybercitoyens.fr\/app\/uploads\/2026\/03\/Visuel-comparatif-V1-V2-V3-Fresque-1-1024x341.png 1024w, https:\/\/fresquedescybercitoyens.fr\/app\/uploads\/2026\/03\/Visuel-comparatif-V1-V2-V3-Fresque-1-300x100.png 300w, https:\/\/fresquedescybercitoyens.fr\/app\/uploads\/2026\/03\/Visuel-comparatif-V1-V2-V3-Fresque-1-768x256.png 768w, https:\/\/fresquedescybercitoyens.fr\/app\/uploads\/2026\/03\/Visuel-comparatif-V1-V2-V3-Fresque-1.png 1440w\" sizes=\"auto, (max-width: 1024px) 100vw, 1024px\" \/><\/figure><\/div>\n\n\n<div class=\"wp-block-columns is-layout-flex wp-container-core-columns-is-layout-9d6595d7 wp-block-columns-is-layout-flex\">\n<div class=\"wp-block-column is-layout-flow wp-block-column-is-layout-flow\">\n<p style=\"font-size:18px\"><strong>V1 du jeu &#8211; <em>Acad\u00e9mie de Paris<\/em><\/strong><\/p>\n\n\n\n<div class=\"wp-block-file\"><a id=\"wp-block-file--media-4fdb268d-a038-4a10-aa06-a9f337fd72a5\" href=\"https:\/\/fresquedescybercitoyens.fr\/app\/uploads\/2026\/01\/FdC_Guide-animateur-complet_v1.pdf\" target=\"_blank\" rel=\"noreferrer noopener\">Guide animateur complet_v1_2023<\/a><\/div>\n\n\n\n<div class=\"wp-block-file\"><a id=\"wp-block-file--media-2b20ff44-8ca3-4665-bfa0-43292702189f\" href=\"https:\/\/fresquedescybercitoyens.fr\/app\/uploads\/2026\/01\/FdC_Tuto-Express_Guide_Animateur_v1.pdf\" target=\"_blank\" rel=\"noreferrer noopener\">Tuto Express_v1_2023<\/a><\/div>\n<\/div>\n\n\n\n<div class=\"wp-block-column is-layout-flow wp-block-column-is-layout-flow\">\n<p style=\"font-size:18px;font-style:normal;font-weight:600\">V2 du jeu &#8211; <em>Distribution en 2024-2025<\/em><\/p>\n\n\n\n<div class=\"wp-block-file\"><a id=\"wp-block-file--media-05740edf-75ff-4f0f-a083-1f43613b9470\" href=\"https:\/\/fresquedescybercitoyens.fr\/app\/uploads\/2025\/10\/FdC_Explication-des-regles-aux-participants_Version-a-projeter-en-classe-2024_FINAL.pdf\" target=\"_blank\" rel=\"noreferrer noopener\">Pr\u00e9sentation des r\u00e8gles en classe v2-2024<\/a><\/div>\n\n\n\n<div class=\"wp-block-file\"><a id=\"wp-block-file--media-fc48d4f0-7668-47b4-bb0d-785334f885e2\" href=\"https:\/\/fresquedescybercitoyens.fr\/app\/uploads\/2025\/10\/FdC_Tuto-Express_Version-imprimable2024_VF.pdf\" target=\"_blank\" rel=\"noreferrer noopener\">Tuto Express_v2-2024<\/a><\/div>\n\n\n\n<div class=\"wp-block-file\"><a id=\"wp-block-file--media-e444e75a-b671-42be-b50b-6f9fc1d56673\" href=\"https:\/\/fresquedescybercitoyens.fr\/app\/uploads\/2025\/10\/FdC_Guide-animateur_Regles-et-modes-de-jeu_version-digitale2024_VF.pdf\" target=\"_blank\" rel=\"noreferrer noopener\">Guide p\u00e9dagogique v2-2024<\/a><\/div>\n\n\n\n<div class=\"wp-block-file\"><a id=\"wp-block-file--media-cc3fb3f9-cc41-473e-b712-169385058f8a\" href=\"https:\/\/fresquedescybercitoyens.fr\/app\/uploads\/2025\/10\/FdC_Explications-et-sources_cartes-Quiz_version-digitale2024_FINAL.pdf\" target=\"_blank\" rel=\"noreferrer noopener\">Explications et sources des cartes v2-2024<\/a><\/div>\n<\/div>\n\n\n\n<div class=\"wp-block-column is-layout-flow wp-block-column-is-layout-flow\">\n<p style=\"font-size:18px;font-style:normal;font-weight:600\">V3 du jeu &#8211; <em>Distribution en 2025-2026<\/em><\/p>\n\n\n\n<div class=\"wp-block-file\"><a id=\"wp-block-file--media-28da8282-ff37-4cd5-a396-be939fc25d88\" href=\"https:\/\/fresquedescybercitoyens.fr\/app\/uploads\/2025\/10\/FdC_Presentation-des-regles-en-classe-v32025_FINAL.pdf\" target=\"_blank\" rel=\"noreferrer noopener\">Pr\u00e9sentation des r\u00e8gles en classe v3-2025<\/a><\/div>\n\n\n\n<div class=\"wp-block-file\"><a id=\"wp-block-file--media-8e492bfe-4820-4a5e-beaf-6fe0e10947f1\" href=\"https:\/\/fresquedescybercitoyens.fr\/app\/uploads\/2025\/10\/FdC_Tuto-Express_v3_FINAL.pdf\" target=\"_blank\" rel=\"noreferrer noopener\">Tuto Express_v3-2025<\/a><\/div>\n\n\n\n<div class=\"wp-block-file\"><a id=\"wp-block-file--media-79518081-61f7-4092-9169-1edeb671bc44\" href=\"https:\/\/fresquedescybercitoyens.fr\/app\/uploads\/2025\/10\/FdC_Guide-pedagogique-2025_v3.pdf\" target=\"_blank\" rel=\"noreferrer noopener\">Guide p\u00e9dagogique v3-2025<\/a><\/div>\n\n\n\n<div class=\"wp-block-file\"><a id=\"wp-block-file--media-e6085970-4a42-44c5-987f-3b8f2e8e1d8f\" href=\"https:\/\/fresquedescybercitoyens.fr\/app\/uploads\/2025\/10\/FdC_Guide-complet-des-cartes_v3_FINAL.pdf\" target=\"_blank\" rel=\"noreferrer noopener\">Explications et sources des cartes_v3-2025<\/a><\/div>\n<\/div>\n<\/div>\n\n\n\n<p style=\"font-size:15px\"><\/p>\n\n\n\n<p class=\"has-text-align-left\" style=\"font-size:15px\"><em><strong>Pour en savoir plus sur les diff\u00e9rentes mises \u00e0 jour des ateliers, c&#8217;est <a href=\"https:\/\/fresquedescybercitoyens.fr\/de\/extensions-du-jeu\/\">par ici<\/a><\/strong><\/em><\/p>\n\n\n\n<p><\/p>\n\n\n\n<p><\/p>\n\n\n\n<h2 class=\"wp-block-heading\" style=\"font-size:27px;font-style:normal;font-weight:700\">\ud83d\udc49 Formulaire de d\u00e9claration d&#8217;un atelier<\/h2>\n\n\n\n<p style=\"font-size:15px\">Ce formulaire est aussi pr\u00e9sent sous la bo\u00eete de jeu (QR code \u00e0 scanner). Il est tr\u00e8s important de le remplir \u00e0 la fin de l&#8217;atelier avec les \u00e9l\u00e8ves pour faire vos retours. <\/p>\n\n\n\n<div class=\"wp-block-group is-nowrap is-layout-flex wp-container-core-group-is-layout-ad2f72ca wp-block-group-is-layout-flex\">\n<div class=\"wp-block-buttons is-content-justification-space-between is-layout-flex wp-container-core-buttons-is-layout-1ebe6364 wp-block-buttons-is-layout-flex\">\n<div class=\"wp-block-button\"><a class=\"wp-block-button__link has-background has-custom-font-size wp-element-button\" href=\"https:\/\/framaforms.org\/declaration-de-la-session-danimation-jeu-pedagogique-fresque-des-cybercitoyens-2025-2026-1756124500\" style=\"background-color:#ff7528;font-size:14px\" target=\"_blank\" rel=\"noreferrer noopener\">Je d\u00e9clare mon atelier<\/a><\/div>\n\n\n\n<div class=\"wp-block-button\"><a class=\"wp-block-button__link has-background has-custom-font-size wp-element-button\" href=\"https:\/\/fresquedescybercitoyens.fr\/de\/role\/\" style=\"background-color:#ff7528;font-size:14px\" target=\"_blank\" rel=\"noreferrer noopener\">Je demande une co-animation<\/a><\/div>\n<\/div>\n\n\n\n<p><\/p>\n<\/div>\n\n\n\n<p><\/p>\n\n\n\n<h2 class=\"wp-block-heading\" style=\"font-size:28px;font-style:normal;font-weight:700\">\ud83d\udc49 Ressources Cybermois 2025<\/h2>\n\n\n\n<p style=\"font-size:15px\"><a href=\"https:\/\/digipad.app\/p\/1244734\/604923c5610a3\" target=\"_blank\" rel=\"noreferrer noopener\">Digipad<\/a><\/p>\n\n\n\n<p style=\"font-size:15px\"><\/p>\n\n\n\n<p><\/p>\n","protected":false},"excerpt":{"rendered":"<p>Ici, retrouvez tous les documents n\u00e9cessaires \u00e0 la bonne compr\u00e9hension de la Fresque des Cybercitoyens, ainsi que les ressources utiles pour r\u00e9ussir sa formation \u00e0 l&#8217;animation de l&#8217;atelier. \ud83d\udc7e Pour se former Depuis la cr\u00e9ation du jeu en 2023, nous avons imprim\u00e9 et d\u00e9ploy\u00e9 3 versions du jeu. Dans un objectif d&#8217;am\u00e9lioration continue (en grande [&hellip;]<\/p>\n","protected":false},"author":1,"featured_media":1300,"parent":0,"menu_order":0,"comment_status":"closed","ping_status":"closed","template":"","meta":{"_acf_changed":false,"footnotes":""},"class_list":["post-1298","page","type-page","status-publish","has-post-thumbnail","hentry"],"acf":[],"yoast_head":"<!-- This site is optimized with the Yoast SEO plugin v27.3 - https:\/\/yoast.com\/product\/yoast-seo-wordpress\/ -->\n<title>Ressources - Fresque des Cybercitoyens<\/title>\n<meta name=\"description\" content=\"Animateurs et enseignants : acc\u00e9dez aux ressources utiles pour pr\u00e9parer l&#039;animation de la Fresque des Cybercitoyens\" \/>\n<meta name=\"robots\" content=\"index, follow, max-snippet:-1, max-image-preview:large, max-video-preview:-1\" \/>\n<link rel=\"canonical\" href=\"https:\/\/fresquedescybercitoyens.fr\/de\/ressources\/\" \/>\n<meta property=\"og:locale\" content=\"de_DE\" \/>\n<meta property=\"og:type\" content=\"article\" \/>\n<meta property=\"og:title\" content=\"Ressources - Fresque des Cybercitoyens\" \/>\n<meta property=\"og:description\" content=\"Animateurs et enseignants : acc\u00e9dez aux ressources utiles pour pr\u00e9parer l&#039;animation de la Fresque des Cybercitoyens\" \/>\n<meta property=\"og:url\" content=\"https:\/\/fresquedescybercitoyens.fr\/de\/ressources\/\" \/>\n<meta property=\"og:site_name\" content=\"Fresque des Cybercitoyens\" \/>\n<meta property=\"article:modified_time\" content=\"2026-03-06T13:47:11+00:00\" \/>\n<meta property=\"og:image\" content=\"https:\/\/fresquedescybercitoyens.fr\/app\/uploads\/2024\/10\/FRESQUE_CYBER_PICTOS_18.jpg\" \/>\n\t<meta property=\"og:image:width\" content=\"1087\" \/>\n\t<meta property=\"og:image:height\" content=\"1087\" \/>\n\t<meta property=\"og:image:type\" content=\"image\/jpeg\" \/>\n<meta name=\"twitter:card\" content=\"summary_large_image\" \/>\n<meta name=\"twitter:label1\" content=\"Est. reading time\" \/>\n\t<meta name=\"twitter:data1\" content=\"2 minutes\" \/>\n<script type=\"application\/ld+json\" class=\"yoast-schema-graph\">{\"@context\":\"https:\\\/\\\/schema.org\",\"@graph\":[{\"@type\":\"WebPage\",\"@id\":\"https:\\\/\\\/fresquedescybercitoyens.fr\\\/de\\\/ressources\\\/\",\"url\":\"https:\\\/\\\/fresquedescybercitoyens.fr\\\/de\\\/ressources\\\/\",\"name\":\"Ressources - Fresque des Cybercitoyens\",\"isPartOf\":{\"@id\":\"https:\\\/\\\/fresquedescybercitoyens.fr\\\/de\\\/#website\"},\"primaryImageOfPage\":{\"@id\":\"https:\\\/\\\/fresquedescybercitoyens.fr\\\/de\\\/ressources\\\/#primaryimage\"},\"image\":{\"@id\":\"https:\\\/\\\/fresquedescybercitoyens.fr\\\/de\\\/ressources\\\/#primaryimage\"},\"thumbnailUrl\":\"https:\\\/\\\/fresquedescybercitoyens.fr\\\/app\\\/uploads\\\/2024\\\/10\\\/FRESQUE_CYBER_PICTOS_18.jpg\",\"datePublished\":\"2023-10-26T07:04:03+00:00\",\"dateModified\":\"2026-03-06T13:47:11+00:00\",\"description\":\"Animateurs et enseignants : acc\u00e9dez aux ressources utiles pour pr\u00e9parer l'animation de la Fresque des Cybercitoyens\",\"breadcrumb\":{\"@id\":\"https:\\\/\\\/fresquedescybercitoyens.fr\\\/de\\\/ressources\\\/#breadcrumb\"},\"inLanguage\":\"de-DE\",\"potentialAction\":[{\"@type\":\"ReadAction\",\"target\":[\"https:\\\/\\\/fresquedescybercitoyens.fr\\\/de\\\/ressources\\\/\"]}]},{\"@type\":\"ImageObject\",\"inLanguage\":\"de-DE\",\"@id\":\"https:\\\/\\\/fresquedescybercitoyens.fr\\\/de\\\/ressources\\\/#primaryimage\",\"url\":\"https:\\\/\\\/fresquedescybercitoyens.fr\\\/app\\\/uploads\\\/2024\\\/10\\\/FRESQUE_CYBER_PICTOS_18.jpg\",\"contentUrl\":\"https:\\\/\\\/fresquedescybercitoyens.fr\\\/app\\\/uploads\\\/2024\\\/10\\\/FRESQUE_CYBER_PICTOS_18.jpg\",\"width\":1087,\"height\":1087},{\"@type\":\"BreadcrumbList\",\"@id\":\"https:\\\/\\\/fresquedescybercitoyens.fr\\\/de\\\/ressources\\\/#breadcrumb\",\"itemListElement\":[{\"@type\":\"ListItem\",\"position\":1,\"name\":\"Accueil\",\"item\":\"https:\\\/\\\/fresquedescybercitoyens.fr\\\/de\\\/\"},{\"@type\":\"ListItem\",\"position\":2,\"name\":\"Ressources\"}]},{\"@type\":\"WebSite\",\"@id\":\"https:\\\/\\\/fresquedescybercitoyens.fr\\\/de\\\/#website\",\"url\":\"https:\\\/\\\/fresquedescybercitoyens.fr\\\/de\\\/\",\"name\":\"Fresque des Cybercitoyen.nes\",\"description\":\"\",\"potentialAction\":[{\"@type\":\"SearchAction\",\"target\":{\"@type\":\"EntryPoint\",\"urlTemplate\":\"https:\\\/\\\/fresquedescybercitoyens.fr\\\/de\\\/?s={search_term_string}\"},\"query-input\":{\"@type\":\"PropertyValueSpecification\",\"valueRequired\":true,\"valueName\":\"search_term_string\"}}],\"inLanguage\":\"de-DE\"}]}<\/script>\n<!-- \/ Yoast SEO plugin. -->","yoast_head_json":{"title":"Ressources - Fresque des Cybercitoyens","description":"Animateurs et enseignants : acc\u00e9dez aux ressources utiles pour pr\u00e9parer l'animation de la Fresque des Cybercitoyens","robots":{"index":"index","follow":"follow","max-snippet":"max-snippet:-1","max-image-preview":"max-image-preview:large","max-video-preview":"max-video-preview:-1"},"canonical":"https:\/\/fresquedescybercitoyens.fr\/de\/ressources\/","og_locale":"de_DE","og_type":"article","og_title":"Ressources - Fresque des Cybercitoyens","og_description":"Animateurs et enseignants : acc\u00e9dez aux ressources utiles pour pr\u00e9parer l'animation de la Fresque des Cybercitoyens","og_url":"https:\/\/fresquedescybercitoyens.fr\/de\/ressources\/","og_site_name":"Fresque des Cybercitoyens","article_modified_time":"2026-03-06T13:47:11+00:00","og_image":[{"width":1087,"height":1087,"url":"https:\/\/fresquedescybercitoyens.fr\/app\/uploads\/2024\/10\/FRESQUE_CYBER_PICTOS_18.jpg","type":"image\/jpeg"}],"twitter_card":"summary_large_image","twitter_misc":{"Est. reading time":"2 minutes"},"schema":{"@context":"https:\/\/schema.org","@graph":[{"@type":"WebPage","@id":"https:\/\/fresquedescybercitoyens.fr\/de\/ressources\/","url":"https:\/\/fresquedescybercitoyens.fr\/de\/ressources\/","name":"Ressources - Fresque des Cybercitoyens","isPartOf":{"@id":"https:\/\/fresquedescybercitoyens.fr\/de\/#website"},"primaryImageOfPage":{"@id":"https:\/\/fresquedescybercitoyens.fr\/de\/ressources\/#primaryimage"},"image":{"@id":"https:\/\/fresquedescybercitoyens.fr\/de\/ressources\/#primaryimage"},"thumbnailUrl":"https:\/\/fresquedescybercitoyens.fr\/app\/uploads\/2024\/10\/FRESQUE_CYBER_PICTOS_18.jpg","datePublished":"2023-10-26T07:04:03+00:00","dateModified":"2026-03-06T13:47:11+00:00","description":"Animateurs et enseignants : acc\u00e9dez aux ressources utiles pour pr\u00e9parer l'animation de la Fresque des Cybercitoyens","breadcrumb":{"@id":"https:\/\/fresquedescybercitoyens.fr\/de\/ressources\/#breadcrumb"},"inLanguage":"de-DE","potentialAction":[{"@type":"ReadAction","target":["https:\/\/fresquedescybercitoyens.fr\/de\/ressources\/"]}]},{"@type":"ImageObject","inLanguage":"de-DE","@id":"https:\/\/fresquedescybercitoyens.fr\/de\/ressources\/#primaryimage","url":"https:\/\/fresquedescybercitoyens.fr\/app\/uploads\/2024\/10\/FRESQUE_CYBER_PICTOS_18.jpg","contentUrl":"https:\/\/fresquedescybercitoyens.fr\/app\/uploads\/2024\/10\/FRESQUE_CYBER_PICTOS_18.jpg","width":1087,"height":1087},{"@type":"BreadcrumbList","@id":"https:\/\/fresquedescybercitoyens.fr\/de\/ressources\/#breadcrumb","itemListElement":[{"@type":"ListItem","position":1,"name":"Accueil","item":"https:\/\/fresquedescybercitoyens.fr\/de\/"},{"@type":"ListItem","position":2,"name":"Ressources"}]},{"@type":"WebSite","@id":"https:\/\/fresquedescybercitoyens.fr\/de\/#website","url":"https:\/\/fresquedescybercitoyens.fr\/de\/","name":"Fresque des Cybercitoyen.nes","description":"","potentialAction":[{"@type":"SearchAction","target":{"@type":"EntryPoint","urlTemplate":"https:\/\/fresquedescybercitoyens.fr\/de\/?s={search_term_string}"},"query-input":{"@type":"PropertyValueSpecification","valueRequired":true,"valueName":"search_term_string"}}],"inLanguage":"de-DE"}]}},"_links":{"self":[{"href":"https:\/\/fresquedescybercitoyens.fr\/de\/wp-json\/wp\/v2\/pages\/1298","targetHints":{"allow":["GET"]}}],"collection":[{"href":"https:\/\/fresquedescybercitoyens.fr\/de\/wp-json\/wp\/v2\/pages"}],"about":[{"href":"https:\/\/fresquedescybercitoyens.fr\/de\/wp-json\/wp\/v2\/types\/page"}],"author":[{"embeddable":true,"href":"https:\/\/fresquedescybercitoyens.fr\/de\/wp-json\/wp\/v2\/users\/1"}],"replies":[{"embeddable":true,"href":"https:\/\/fresquedescybercitoyens.fr\/de\/wp-json\/wp\/v2\/comments?post=1298"}],"version-history":[{"count":40,"href":"https:\/\/fresquedescybercitoyens.fr\/de\/wp-json\/wp\/v2\/pages\/1298\/revisions"}],"predecessor-version":[{"id":1587,"href":"https:\/\/fresquedescybercitoyens.fr\/de\/wp-json\/wp\/v2\/pages\/1298\/revisions\/1587"}],"wp:featuredmedia":[{"embeddable":true,"href":"https:\/\/fresquedescybercitoyens.fr\/de\/wp-json\/wp\/v2\/media\/1300"}],"wp:attachment":[{"href":"https:\/\/fresquedescybercitoyens.fr\/de\/wp-json\/wp\/v2\/media?parent=1298"}],"curies":[{"name":"wp","href":"https:\/\/api.w.org\/{rel}","templated":true}]}}