{"id":1310,"date":"2024-10-23T13:53:37","date_gmt":"2024-10-23T13:53:37","guid":{"rendered":"https:\/\/fresquedescybercitoyens.fr\/extensions-du-jeu\/"},"modified":"2026-03-04T14:16:06","modified_gmt":"2026-03-04T14:16:06","slug":"extensions-du-jeu","status":"publish","type":"page","link":"https:\/\/fresquedescybercitoyens.fr\/de\/extensions-du-jeu\/","title":{"rendered":"Mises \u00e0 jour et extensions du jeu"},"content":{"rendered":"\n<h2 class=\"wp-block-heading\" style=\"font-size:27px;font-style:normal;font-weight:700\">Notre processus d&#8217;actualisation des cartes de la Fresque<\/h2>\n\n\n\n<p style=\"font-size:16px\">Nous avons \u00e0 c\u0153ur de maintenir l&#8217;atelier de La Fresque des Cybercitoyens \u00e0 jour. Pour ce faire, nous comptons sur <strong>deux sources de contribution<\/strong> :<\/p>\n\n\n\n<p style=\"font-size:16px\">\ud83d\udc49 Vos retours en fin d&#8217;atelier (via <a href=\"https:\/\/framaforms.org\/declaration-de-la-session-danimation-jeu-pedagogique-fresque-des-cybercitoyens-2025-2026-1756124500\" target=\"_blank\" rel=\"noreferrer noopener\">ce formulaire<\/a>). Consultez la page <a href=\"https:\/\/fresquedescybercitoyens.fr\/de\/declarer-sa-session-et-proposer-une-question-de-quiz\/\" target=\"_blank\" rel=\"noreferrer noopener\">D\u00e9clarer sa session<\/a> pour en savoir plus.<\/p>\n\n\n\n<p style=\"font-size:16px\">\ud83d\udc49 Notre collaboration avec les<strong> experts de la soci\u00e9t\u00e9 de cybers\u00e9curit\u00e9 Advens<\/strong> pour rester au fait des progr\u00e8s technologiques, de l&#8217;\u00e9volution du cadre juridique et des nouvelles tendances de cybers\u00e9curit\u00e9.<\/p>\n\n\n\n<h2 class=\"wp-block-heading\" style=\"font-size:27px;font-style:normal;font-weight:700\">Comment participer \u00e0 la cr\u00e9ation de nouvelles cartes ?<\/h2>\n\n\n\n<p style=\"font-size:16px\">Vous aurez aussi l&#8217;occasion, \u00e0 la fin du formulaire, de proposer de nouvelles cartes Quiz. <strong>Les meilleures propositions seront ajout\u00e9es lors de la prochaine mise \u00e0 jour du jeu !<\/strong> <\/p>\n\n\n\n<p style=\"font-size:16px\"><strong>Votre exp\u00e9rience d&#8217;animation nous est pr\u00e9cieuse pour am\u00e9liorer continuellement la Fresque des Cybercitoyens. <\/strong>Si vous travaillez avec des publics cibles et\/ou que vous souhaitez contribuer au d\u00e9veloppement de ces versions, que vous souhaitez nous aider encore plus apr\u00e8s avoir d\u00e9clar\u00e9 le jeu, nous vous invitons \u00e0 r\u00e9pondre aux questions suivantes et \u00e0 les envoyer \u00e0 l\u2019adresse mail <a href=\"mailto:fresquedescybercitoyens@advens.fr\" target=\"_blank\" rel=\"noreferrer noopener\">fresquedescybercitoyens@advens.fr<\/a> :<\/p>\n\n\n\n<ul class=\"wp-block-list\">\n<li style=\"font-size:16px\">Avez-vous remarqu\u00e9 des \u00e9l\u00e9ments (cartes quiz, sc\u00e9narios, etc.) qui semblent obsol\u00e8tes ou qui n\u00e9cessiteraient une mise \u00e0 jour ?<\/li>\n\n\n\n<li style=\"font-size:16px\">Y a-t-il des m\u00e9caniques qui vous semblent d\u00e9s\u00e9quilibr\u00e9es ou qui pourraient \u00eatre am\u00e9lior\u00e9es ?<\/li>\n\n\n\n<li style=\"font-size:16px\">Avez-vous rencontr\u00e9 des points de r\u00e8gles ambigus ou difficiles \u00e0 comprendre ?<\/li>\n\n\n\n<li style=\"font-size:16px\">Quelles parties des guides m\u00e9riteraient d&#8217;\u00eatre reformul\u00e9es ou expliqu\u00e9es diff\u00e9remment ?<\/li>\n\n\n\n<li style=\"font-size:16px\">La qualit\u00e9 et la lisibilit\u00e9 des cartes ou autres composants vous conviennent-elles ?<\/li>\n\n\n\n<li style=\"font-size:16px\">Avez-vous des id\u00e9es pour am\u00e9liorer l&#8217;aspect pratique ou esth\u00e9tique du mat\u00e9riel ?<\/li>\n\n\n\n<li style=\"font-size:16px\">Quels aspects vous ont le moins s\u00e9duit ou m\u00e9riteraient d&#8217;\u00eatre retravaill\u00e9s ?<\/li>\n\n\n\n<li style=\"font-size:16px\">Quels sont les points forts du jeu selon vous ?<\/li>\n<\/ul>\n\n\n\n<h2 class=\"wp-block-heading\" style=\"font-size:27px;font-style:normal;font-weight:700\">Version actuelle de la Fresque des Cybercitoyens (2025-2026)<\/h2>\n\n\n\n<p style=\"font-size:16px\">Vos retours nous ont d\u00e9j\u00e0 \u00e9t\u00e9 tr\u00e8s utiles pour d\u00e9velopper la V3 de l&#8217;atelier (pour l&#8217;ann\u00e9e scolaire 2025-2026) qui est actuellement en train d&#8217;\u00eatre distribu\u00e9e dans les coll\u00e8ges partenaires.<\/p>\n\n\n\n<p style=\"font-size:18px;font-style:normal;font-weight:700\">Retrouvez ci-dessous un bref r\u00e9capitulatif des changements majeurs entre les deux versions :<\/p>\n\n\n\n<figure class=\"wp-block-image size-large\"><img loading=\"lazy\" decoding=\"async\" width=\"1024\" height=\"481\" src=\"https:\/\/fresquedescybercitoyens.fr\/app\/uploads\/2025\/10\/Visuel-comparatif-V2-V3-Fresque-1-1024x481.png\" alt=\"\" class=\"wp-image-1155\" srcset=\"https:\/\/fresquedescybercitoyens.fr\/app\/uploads\/2025\/10\/Visuel-comparatif-V2-V3-Fresque-1-1024x481.png 1024w, https:\/\/fresquedescybercitoyens.fr\/app\/uploads\/2025\/10\/Visuel-comparatif-V2-V3-Fresque-1-300x141.png 300w, https:\/\/fresquedescybercitoyens.fr\/app\/uploads\/2025\/10\/Visuel-comparatif-V2-V3-Fresque-1-768x361.png 768w, https:\/\/fresquedescybercitoyens.fr\/app\/uploads\/2025\/10\/Visuel-comparatif-V2-V3-Fresque-1.png 1170w\" sizes=\"auto, (max-width: 1024px) 100vw, 1024px\" \/><\/figure>\n\n\n\n<p style=\"font-size:16px\"><br>A terme, l\u2019\u00e9quipe de la Fresque des Cybercitoyens souhaite d\u00e9velopper de<strong> nouvelles versions du jeu adapt\u00e9es \u00e0 des publics plus larges (parents, senior, etc.).<\/strong><\/p>\n\n\n\n<p style=\"font-size:16px\"><strong>Un grand merci \u00e0 vous pour vos retours\u202f!<\/strong><\/p>\n","protected":false},"excerpt":{"rendered":"<p>Notre processus d&#8217;actualisation des cartes de la Fresque Nous avons \u00e0 c\u0153ur de maintenir l&#8217;atelier de La Fresque des Cybercitoyens \u00e0 jour. Pour ce faire, nous comptons sur deux sources de contribution : \ud83d\udc49 Vos retours en fin d&#8217;atelier (via ce formulaire). Consultez la page D\u00e9clarer sa session pour en savoir plus. \ud83d\udc49 Notre collaboration [&hellip;]<\/p>\n","protected":false},"author":5,"featured_media":0,"parent":0,"menu_order":0,"comment_status":"closed","ping_status":"closed","template":"","meta":{"_acf_changed":false,"footnotes":""},"class_list":["post-1310","page","type-page","status-publish","hentry"],"acf":[],"yoast_head":"<!-- This site is optimized with the Yoast SEO plugin v27.3 - https:\/\/yoast.com\/product\/yoast-seo-wordpress\/ -->\n<title>Mises \u00e0 jour et extensions du jeu - Fresque des Cybercitoyens<\/title>\n<meta name=\"robots\" content=\"index, follow, max-snippet:-1, max-image-preview:large, max-video-preview:-1\" \/>\n<link rel=\"canonical\" href=\"https:\/\/fresquedescybercitoyens.fr\/de\/extensions-du-jeu\/\" \/>\n<meta property=\"og:locale\" content=\"de_DE\" \/>\n<meta property=\"og:type\" content=\"article\" \/>\n<meta property=\"og:title\" content=\"Mises \u00e0 jour et extensions du jeu - Fresque des Cybercitoyens\" \/>\n<meta property=\"og:description\" content=\"Notre processus d&#8217;actualisation des cartes de la Fresque Nous avons \u00e0 c\u0153ur de maintenir l&#8217;atelier de La Fresque des Cybercitoyens \u00e0 jour. Pour ce faire, nous comptons sur deux sources de contribution : \ud83d\udc49 Vos retours en fin d&#8217;atelier (via ce formulaire). Consultez la page D\u00e9clarer sa session pour en savoir plus. \ud83d\udc49 Notre collaboration [&hellip;]\" \/>\n<meta property=\"og:url\" content=\"https:\/\/fresquedescybercitoyens.fr\/de\/extensions-du-jeu\/\" \/>\n<meta property=\"og:site_name\" content=\"Fresque des Cybercitoyens\" \/>\n<meta property=\"article:modified_time\" content=\"2026-03-04T14:16:06+00:00\" \/>\n<meta property=\"og:image\" content=\"https:\/\/fresquedescybercitoyens.fr\/app\/uploads\/2025\/10\/Visuel-comparatif-V2-V3-Fresque-1.png\" \/>\n\t<meta property=\"og:image:width\" content=\"1170\" \/>\n\t<meta property=\"og:image:height\" content=\"550\" \/>\n\t<meta property=\"og:image:type\" content=\"image\/png\" \/>\n<meta name=\"twitter:card\" content=\"summary_large_image\" \/>\n<meta name=\"twitter:label1\" content=\"Est. reading time\" \/>\n\t<meta name=\"twitter:data1\" content=\"3 minutes\" \/>\n<script type=\"application\/ld+json\" class=\"yoast-schema-graph\">{\"@context\":\"https:\\\/\\\/schema.org\",\"@graph\":[{\"@type\":\"WebPage\",\"@id\":\"https:\\\/\\\/fresquedescybercitoyens.fr\\\/de\\\/extensions-du-jeu\\\/\",\"url\":\"https:\\\/\\\/fresquedescybercitoyens.fr\\\/de\\\/extensions-du-jeu\\\/\",\"name\":\"Mises \u00e0 jour et extensions du jeu - Fresque des Cybercitoyens\",\"isPartOf\":{\"@id\":\"https:\\\/\\\/fresquedescybercitoyens.fr\\\/de\\\/#website\"},\"primaryImageOfPage\":{\"@id\":\"https:\\\/\\\/fresquedescybercitoyens.fr\\\/de\\\/extensions-du-jeu\\\/#primaryimage\"},\"image\":{\"@id\":\"https:\\\/\\\/fresquedescybercitoyens.fr\\\/de\\\/extensions-du-jeu\\\/#primaryimage\"},\"thumbnailUrl\":\"https:\\\/\\\/fresquedescybercitoyens.fr\\\/app\\\/uploads\\\/2025\\\/10\\\/Visuel-comparatif-V2-V3-Fresque-1-1024x481.png\",\"datePublished\":\"2024-10-23T13:53:37+00:00\",\"dateModified\":\"2026-03-04T14:16:06+00:00\",\"breadcrumb\":{\"@id\":\"https:\\\/\\\/fresquedescybercitoyens.fr\\\/de\\\/extensions-du-jeu\\\/#breadcrumb\"},\"inLanguage\":\"de-DE\",\"potentialAction\":[{\"@type\":\"ReadAction\",\"target\":[\"https:\\\/\\\/fresquedescybercitoyens.fr\\\/de\\\/extensions-du-jeu\\\/\"]}]},{\"@type\":\"ImageObject\",\"inLanguage\":\"de-DE\",\"@id\":\"https:\\\/\\\/fresquedescybercitoyens.fr\\\/de\\\/extensions-du-jeu\\\/#primaryimage\",\"url\":\"https:\\\/\\\/fresquedescybercitoyens.fr\\\/app\\\/uploads\\\/2025\\\/10\\\/Visuel-comparatif-V2-V3-Fresque-1-1024x481.png\",\"contentUrl\":\"https:\\\/\\\/fresquedescybercitoyens.fr\\\/app\\\/uploads\\\/2025\\\/10\\\/Visuel-comparatif-V2-V3-Fresque-1-1024x481.png\"},{\"@type\":\"BreadcrumbList\",\"@id\":\"https:\\\/\\\/fresquedescybercitoyens.fr\\\/de\\\/extensions-du-jeu\\\/#breadcrumb\",\"itemListElement\":[{\"@type\":\"ListItem\",\"position\":1,\"name\":\"Accueil\",\"item\":\"https:\\\/\\\/fresquedescybercitoyens.fr\\\/de\\\/\"},{\"@type\":\"ListItem\",\"position\":2,\"name\":\"Mises \u00e0 jour et extensions du jeu\"}]},{\"@type\":\"WebSite\",\"@id\":\"https:\\\/\\\/fresquedescybercitoyens.fr\\\/de\\\/#website\",\"url\":\"https:\\\/\\\/fresquedescybercitoyens.fr\\\/de\\\/\",\"name\":\"Fresque des Cybercitoyen.nes\",\"description\":\"\",\"potentialAction\":[{\"@type\":\"SearchAction\",\"target\":{\"@type\":\"EntryPoint\",\"urlTemplate\":\"https:\\\/\\\/fresquedescybercitoyens.fr\\\/de\\\/?s={search_term_string}\"},\"query-input\":{\"@type\":\"PropertyValueSpecification\",\"valueRequired\":true,\"valueName\":\"search_term_string\"}}],\"inLanguage\":\"de-DE\"}]}<\/script>\n<!-- \/ Yoast SEO plugin. -->","yoast_head_json":{"title":"Mises \u00e0 jour et extensions du jeu - Fresque des Cybercitoyens","robots":{"index":"index","follow":"follow","max-snippet":"max-snippet:-1","max-image-preview":"max-image-preview:large","max-video-preview":"max-video-preview:-1"},"canonical":"https:\/\/fresquedescybercitoyens.fr\/de\/extensions-du-jeu\/","og_locale":"de_DE","og_type":"article","og_title":"Mises \u00e0 jour et extensions du jeu - Fresque des Cybercitoyens","og_description":"Notre processus d&#8217;actualisation des cartes de la Fresque Nous avons \u00e0 c\u0153ur de maintenir l&#8217;atelier de La Fresque des Cybercitoyens \u00e0 jour. Pour ce faire, nous comptons sur deux sources de contribution : \ud83d\udc49 Vos retours en fin d&#8217;atelier (via ce formulaire). Consultez la page D\u00e9clarer sa session pour en savoir plus. \ud83d\udc49 Notre collaboration [&hellip;]","og_url":"https:\/\/fresquedescybercitoyens.fr\/de\/extensions-du-jeu\/","og_site_name":"Fresque des Cybercitoyens","article_modified_time":"2026-03-04T14:16:06+00:00","og_image":[{"width":1170,"height":550,"url":"https:\/\/fresquedescybercitoyens.fr\/app\/uploads\/2025\/10\/Visuel-comparatif-V2-V3-Fresque-1.png","type":"image\/png"}],"twitter_card":"summary_large_image","twitter_misc":{"Est. reading time":"3 minutes"},"schema":{"@context":"https:\/\/schema.org","@graph":[{"@type":"WebPage","@id":"https:\/\/fresquedescybercitoyens.fr\/de\/extensions-du-jeu\/","url":"https:\/\/fresquedescybercitoyens.fr\/de\/extensions-du-jeu\/","name":"Mises \u00e0 jour et extensions du jeu - Fresque des Cybercitoyens","isPartOf":{"@id":"https:\/\/fresquedescybercitoyens.fr\/de\/#website"},"primaryImageOfPage":{"@id":"https:\/\/fresquedescybercitoyens.fr\/de\/extensions-du-jeu\/#primaryimage"},"image":{"@id":"https:\/\/fresquedescybercitoyens.fr\/de\/extensions-du-jeu\/#primaryimage"},"thumbnailUrl":"https:\/\/fresquedescybercitoyens.fr\/app\/uploads\/2025\/10\/Visuel-comparatif-V2-V3-Fresque-1-1024x481.png","datePublished":"2024-10-23T13:53:37+00:00","dateModified":"2026-03-04T14:16:06+00:00","breadcrumb":{"@id":"https:\/\/fresquedescybercitoyens.fr\/de\/extensions-du-jeu\/#breadcrumb"},"inLanguage":"de-DE","potentialAction":[{"@type":"ReadAction","target":["https:\/\/fresquedescybercitoyens.fr\/de\/extensions-du-jeu\/"]}]},{"@type":"ImageObject","inLanguage":"de-DE","@id":"https:\/\/fresquedescybercitoyens.fr\/de\/extensions-du-jeu\/#primaryimage","url":"https:\/\/fresquedescybercitoyens.fr\/app\/uploads\/2025\/10\/Visuel-comparatif-V2-V3-Fresque-1-1024x481.png","contentUrl":"https:\/\/fresquedescybercitoyens.fr\/app\/uploads\/2025\/10\/Visuel-comparatif-V2-V3-Fresque-1-1024x481.png"},{"@type":"BreadcrumbList","@id":"https:\/\/fresquedescybercitoyens.fr\/de\/extensions-du-jeu\/#breadcrumb","itemListElement":[{"@type":"ListItem","position":1,"name":"Accueil","item":"https:\/\/fresquedescybercitoyens.fr\/de\/"},{"@type":"ListItem","position":2,"name":"Mises \u00e0 jour et extensions du jeu"}]},{"@type":"WebSite","@id":"https:\/\/fresquedescybercitoyens.fr\/de\/#website","url":"https:\/\/fresquedescybercitoyens.fr\/de\/","name":"Fresque des Cybercitoyen.nes","description":"","potentialAction":[{"@type":"SearchAction","target":{"@type":"EntryPoint","urlTemplate":"https:\/\/fresquedescybercitoyens.fr\/de\/?s={search_term_string}"},"query-input":{"@type":"PropertyValueSpecification","valueRequired":true,"valueName":"search_term_string"}}],"inLanguage":"de-DE"}]}},"_links":{"self":[{"href":"https:\/\/fresquedescybercitoyens.fr\/de\/wp-json\/wp\/v2\/pages\/1310","targetHints":{"allow":["GET"]}}],"collection":[{"href":"https:\/\/fresquedescybercitoyens.fr\/de\/wp-json\/wp\/v2\/pages"}],"about":[{"href":"https:\/\/fresquedescybercitoyens.fr\/de\/wp-json\/wp\/v2\/types\/page"}],"author":[{"embeddable":true,"href":"https:\/\/fresquedescybercitoyens.fr\/de\/wp-json\/wp\/v2\/users\/5"}],"replies":[{"embeddable":true,"href":"https:\/\/fresquedescybercitoyens.fr\/de\/wp-json\/wp\/v2\/comments?post=1310"}],"version-history":[{"count":3,"href":"https:\/\/fresquedescybercitoyens.fr\/de\/wp-json\/wp\/v2\/pages\/1310\/revisions"}],"predecessor-version":[{"id":1561,"href":"https:\/\/fresquedescybercitoyens.fr\/de\/wp-json\/wp\/v2\/pages\/1310\/revisions\/1561"}],"wp:attachment":[{"href":"https:\/\/fresquedescybercitoyens.fr\/de\/wp-json\/wp\/v2\/media?parent=1310"}],"curies":[{"name":"wp","href":"https:\/\/api.w.org\/{rel}","templated":true}]}}